{"id":1005,"date":"2020-07-21T15:36:53","date_gmt":"2020-07-21T13:36:53","guid":{"rendered":"http:\/\/localhost\/?page_id=1005"},"modified":"2020-07-21T15:36:53","modified_gmt":"2020-07-21T13:36:53","slug":"ogolne-warunki-wspolpracy","status":"publish","type":"page","link":"https:\/\/inkoconsulting.dkonto.pl\/en\/ogolne-warunki-wspolpracy\/","title":{"rendered":"Og\u00f3lne warunki wsp\u00f3\u0142pracy"},"content":{"rendered":"","protected":false},"excerpt":{"rendered":"","protected":false},"author":1,"featured_media":0,"parent":0,"menu_order":11,"comment_status":"closed","ping_status":"closed","template":"page-text.php","meta":[],"acf":[],"_links":{"self":[{"href":"https:\/\/inkoconsulting.dkonto.pl\/en\/wp-json\/wp\/v2\/pages\/1005"}],"collection":[{"href":"https:\/\/inkoconsulting.dkonto.pl\/en\/wp-json\/wp\/v2\/pages"}],"about":[{"href":"https:\/\/inkoconsulting.dkonto.pl\/en\/wp-json\/wp\/v2\/types\/page"}],"author":[{"embeddable":true,"href":"https:\/\/inkoconsulting.dkonto.pl\/en\/wp-json\/wp\/v2\/users\/1"}],"replies":[{"embeddable":true,"href":"https:\/\/inkoconsulting.dkonto.pl\/en\/wp-json\/wp\/v2\/comments?post=1005"}],"version-history":[{"count":1,"href":"https:\/\/inkoconsulting.dkonto.pl\/en\/wp-json\/wp\/v2\/pages\/1005\/revisions"}],"predecessor-version":[{"id":1006,"href":"https:\/\/inkoconsulting.dkonto.pl\/en\/wp-json\/wp\/v2\/pages\/1005\/revisions\/1006"}],"wp:attachment":[{"href":"https:\/\/inkoconsulting.dkonto.pl\/en\/wp-json\/wp\/v2\/media?parent=1005"}],"curies":[{"name":"wp","href":"https:\/\/api.w.org\/{rel}","templated":true}]}}